{"id":87,"date":"2025-08-21T17:25:00","date_gmt":"2025-08-21T17:25:00","guid":{"rendered":"http:\/\/oraego.fr\/?page_id=87"},"modified":"2025-12-03T10:05:32","modified_gmt":"2025-12-03T10:05:32","slug":"conference","status":"publish","type":"page","link":"https:\/\/oraego.fr\/index.php\/conference\/","title":{"rendered":"Conf\u00e9rences"},"content":{"rendered":"\n<h3 class=\"wp-block-heading\"><strong>Notre conf\u00e9rence \u00e0 l\u2019accompagnement interg\u00e9n\u00e9rationnel<\/strong><\/h3>\n\n\n\n<p><\/p>\n\n\n\n<div class=\"wp-block-columns is-layout-flex wp-container-core-columns-is-layout-9d6595d7 wp-block-columns-is-layout-flex\">\n<div class=\"wp-block-column is-layout-flow wp-block-column-is-layout-flow\">\n<figure class=\"wp-block-image size-large\"><img loading=\"lazy\" decoding=\"async\" width=\"2560\" height=\"1440\" src=\"https:\/\/oraego.fr\/wp-content\/uploads\/2025\/12\/P1020881-edited-scaled.jpg\" alt=\"\" class=\"wp-image-438\" srcset=\"https:\/\/oraego.fr\/wp-content\/uploads\/2025\/12\/P1020881-edited-scaled.jpg 2560w, https:\/\/oraego.fr\/wp-content\/uploads\/2025\/12\/P1020881-edited-300x169.jpg 300w, https:\/\/oraego.fr\/wp-content\/uploads\/2025\/12\/P1020881-edited-1024x576.jpg 1024w, https:\/\/oraego.fr\/wp-content\/uploads\/2025\/12\/P1020881-edited-768x432.jpg 768w, https:\/\/oraego.fr\/wp-content\/uploads\/2025\/12\/P1020881-edited-1536x864.jpg 1536w, https:\/\/oraego.fr\/wp-content\/uploads\/2025\/12\/P1020881-edited-2048x1152.jpg 2048w, https:\/\/oraego.fr\/wp-content\/uploads\/2025\/12\/P1020881-edited-250x141.jpg 250w\" sizes=\"auto, (max-width: 2560px) 100vw, 2560px\" \/><\/figure>\n\n\n\n<div style=\"height:27px\" aria-hidden=\"true\" class=\"wp-block-spacer\"><\/div>\n\n\n\n<p>Travailler ensemble aujourd\u2019hui : regards crois\u00e9s sur les g\u00e9n\u00e9rations, le management et les mutations du monde du travail.<\/p>\n\n\n\n<p>Des conf\u00e9rences vivantes et participatives autour des transformations des relations au travail.<\/p>\n\n\n\n<p>Management relationnel, \u00e9volution des postures professionnelles, int\u00e9gration des jeunes et des seniors, cohabitation interg\u00e9n\u00e9rationnelle : autant de sujets que nous explorons avec une approche m\u00ealant p\u00e9dagogie, \u00e9changes et mise en mouvement.<\/p>\n<\/div>\n<\/div>\n\n\n\n<div style=\"height:23px\" aria-hidden=\"true\" class=\"wp-block-spacer\"><\/div>\n\n\n\n<div class=\"wp-block-buttons is-content-justification-center is-layout-flex wp-container-core-buttons-is-layout-16018d1d wp-block-buttons-is-layout-flex\">\n<div class=\"wp-block-button\"><a class=\"wp-block-button__link wp-element-button\" href=\"https:\/\/gamma.app\/docs\/Ce-ne-sont-que-des-Jeunes--wy79doovxlpdb0t\">Programme de la conf\u00e9rence<\/a><\/div>\n<\/div>\n\n\n\n<div style=\"height:32px\" aria-hidden=\"true\" class=\"wp-block-spacer\"><\/div>\n\n\n\n<figure class=\"wp-block-gallery has-nested-images columns-default is-cropped wp-block-gallery-1 is-layout-flex wp-block-gallery-is-layout-flex\">\n<figure class=\"wp-block-image size-large\"><img loading=\"lazy\" decoding=\"async\" width=\"1024\" height=\"683\" data-id=\"424\" src=\"https:\/\/oraego.fr\/wp-content\/uploads\/2025\/12\/P1020927-1024x683.jpg\" alt=\"\" class=\"wp-image-424\" srcset=\"https:\/\/oraego.fr\/wp-content\/uploads\/2025\/12\/P1020927-1024x683.jpg 1024w, https:\/\/oraego.fr\/wp-content\/uploads\/2025\/12\/P1020927-300x200.jpg 300w, https:\/\/oraego.fr\/wp-content\/uploads\/2025\/12\/P1020927-768x512.jpg 768w, https:\/\/oraego.fr\/wp-content\/uploads\/2025\/12\/P1020927-1536x1024.jpg 1536w, https:\/\/oraego.fr\/wp-content\/uploads\/2025\/12\/P1020927-2048x1365.jpg 2048w, https:\/\/oraego.fr\/wp-content\/uploads\/2025\/12\/P1020927-250x167.jpg 250w\" sizes=\"auto, (max-width: 1024px) 100vw, 1024px\" \/><\/figure>\n\n\n\n<figure class=\"wp-block-image size-large\"><img loading=\"lazy\" decoding=\"async\" width=\"1024\" height=\"768\" data-id=\"428\" src=\"https:\/\/oraego.fr\/wp-content\/uploads\/2025\/12\/IMG_7066-1024x768.jpg\" alt=\"\" class=\"wp-image-428\" srcset=\"https:\/\/oraego.fr\/wp-content\/uploads\/2025\/12\/IMG_7066-1024x768.jpg 1024w, https:\/\/oraego.fr\/wp-content\/uploads\/2025\/12\/IMG_7066-300x225.jpg 300w, https:\/\/oraego.fr\/wp-content\/uploads\/2025\/12\/IMG_7066-768x576.jpg 768w, https:\/\/oraego.fr\/wp-content\/uploads\/2025\/12\/IMG_7066-1536x1152.jpg 1536w, https:\/\/oraego.fr\/wp-content\/uploads\/2025\/12\/IMG_7066-2048x1536.jpg 2048w, https:\/\/oraego.fr\/wp-content\/uploads\/2025\/12\/IMG_7066-250x188.jpg 250w\" sizes=\"auto, (max-width: 1024px) 100vw, 1024px\" \/><\/figure>\n\n\n\n<figure class=\"wp-block-image size-large\"><img loading=\"lazy\" decoding=\"async\" width=\"1024\" height=\"683\" data-id=\"421\" src=\"https:\/\/oraego.fr\/wp-content\/uploads\/2025\/12\/P1021048-1024x683.jpg\" alt=\"\" class=\"wp-image-421\" srcset=\"https:\/\/oraego.fr\/wp-content\/uploads\/2025\/12\/P1021048-1024x683.jpg 1024w, https:\/\/oraego.fr\/wp-content\/uploads\/2025\/12\/P1021048-300x200.jpg 300w, https:\/\/oraego.fr\/wp-content\/uploads\/2025\/12\/P1021048-768x512.jpg 768w, https:\/\/oraego.fr\/wp-content\/uploads\/2025\/12\/P1021048-1536x1024.jpg 1536w, https:\/\/oraego.fr\/wp-content\/uploads\/2025\/12\/P1021048-2048x1365.jpg 2048w, https:\/\/oraego.fr\/wp-content\/uploads\/2025\/12\/P1021048-250x167.jpg 250w\" sizes=\"auto, (max-width: 1024px) 100vw, 1024px\" \/><\/figure>\n\n\n\n<figure class=\"wp-block-image size-large\"><img loading=\"lazy\" decoding=\"async\" width=\"1024\" height=\"769\" data-id=\"420\" src=\"https:\/\/oraego.fr\/wp-content\/uploads\/2025\/12\/P1023179-1024x769.jpg\" alt=\"\" class=\"wp-image-420\" srcset=\"https:\/\/oraego.fr\/wp-content\/uploads\/2025\/12\/P1023179-1024x769.jpg 1024w, https:\/\/oraego.fr\/wp-content\/uploads\/2025\/12\/P1023179-300x225.jpg 300w, https:\/\/oraego.fr\/wp-content\/uploads\/2025\/12\/P1023179-768x577.jpg 768w, https:\/\/oraego.fr\/wp-content\/uploads\/2025\/12\/P1023179-1536x1153.jpg 1536w, https:\/\/oraego.fr\/wp-content\/uploads\/2025\/12\/P1023179-2048x1537.jpg 2048w, https:\/\/oraego.fr\/wp-content\/uploads\/2025\/12\/P1023179-250x188.jpg 250w\" sizes=\"auto, (max-width: 1024px) 100vw, 1024px\" \/><\/figure>\n\n\n\n<figure class=\"wp-block-image size-large\"><img loading=\"lazy\" decoding=\"async\" width=\"1024\" height=\"769\" data-id=\"433\" src=\"https:\/\/oraego.fr\/wp-content\/uploads\/2025\/12\/P1023273-1024x769.jpg\" alt=\"\" class=\"wp-image-433\" srcset=\"https:\/\/oraego.fr\/wp-content\/uploads\/2025\/12\/P1023273-1024x769.jpg 1024w, https:\/\/oraego.fr\/wp-content\/uploads\/2025\/12\/P1023273-300x225.jpg 300w, https:\/\/oraego.fr\/wp-content\/uploads\/2025\/12\/P1023273-768x577.jpg 768w, https:\/\/oraego.fr\/wp-content\/uploads\/2025\/12\/P1023273-1536x1153.jpg 1536w, https:\/\/oraego.fr\/wp-content\/uploads\/2025\/12\/P1023273-2048x1537.jpg 2048w, https:\/\/oraego.fr\/wp-content\/uploads\/2025\/12\/P1023273-250x188.jpg 250w\" sizes=\"auto, (max-width: 1024px) 100vw, 1024px\" \/><\/figure>\n\n\n\n<figure class=\"wp-block-image size-large\"><img loading=\"lazy\" decoding=\"async\" width=\"1024\" height=\"769\" data-id=\"432\" src=\"https:\/\/oraego.fr\/wp-content\/uploads\/2025\/12\/P1023289-1024x769.jpg\" alt=\"\" class=\"wp-image-432\" srcset=\"https:\/\/oraego.fr\/wp-content\/uploads\/2025\/12\/P1023289-1024x769.jpg 1024w, https:\/\/oraego.fr\/wp-content\/uploads\/2025\/12\/P1023289-300x225.jpg 300w, https:\/\/oraego.fr\/wp-content\/uploads\/2025\/12\/P1023289-768x577.jpg 768w, https:\/\/oraego.fr\/wp-content\/uploads\/2025\/12\/P1023289-1536x1153.jpg 1536w, https:\/\/oraego.fr\/wp-content\/uploads\/2025\/12\/P1023289-2048x1537.jpg 2048w, https:\/\/oraego.fr\/wp-content\/uploads\/2025\/12\/P1023289-250x188.jpg 250w\" sizes=\"auto, (max-width: 1024px) 100vw, 1024px\" \/><\/figure>\n\n\n\n<figure class=\"wp-block-image size-large\"><img loading=\"lazy\" decoding=\"async\" width=\"1024\" height=\"768\" data-id=\"426\" src=\"https:\/\/oraego.fr\/wp-content\/uploads\/2025\/12\/IMG_7044-1024x768.jpg\" alt=\"\" class=\"wp-image-426\" srcset=\"https:\/\/oraego.fr\/wp-content\/uploads\/2025\/12\/IMG_7044-1024x768.jpg 1024w, https:\/\/oraego.fr\/wp-content\/uploads\/2025\/12\/IMG_7044-300x225.jpg 300w, https:\/\/oraego.fr\/wp-content\/uploads\/2025\/12\/IMG_7044-768x576.jpg 768w, https:\/\/oraego.fr\/wp-content\/uploads\/2025\/12\/IMG_7044-1536x1152.jpg 1536w, https:\/\/oraego.fr\/wp-content\/uploads\/2025\/12\/IMG_7044-2048x1536.jpg 2048w, https:\/\/oraego.fr\/wp-content\/uploads\/2025\/12\/IMG_7044-250x188.jpg 250w\" sizes=\"auto, (max-width: 1024px) 100vw, 1024px\" \/><\/figure>\n<\/figure>\n\n\n\n<div style=\"height:28px\" aria-hidden=\"true\" class=\"wp-block-spacer\"><\/div>\n\n\n\n<hr class=\"wp-block-separator has-alpha-channel-opacity\"\/>\n\n\n\n<h2 class=\"wp-block-heading\"><strong>Explorer ses \u00e9motions : \u00ab Voyage au c\u0153ur de l\u2019intelligence \u00e9motionnelle \u00bb<\/strong><\/h2>\n\n\n\n<p>Initiez-vous \u00e0 l\u2019intelligence \u00e9motionnelle et d\u00e9couvrez comment elle peut devenir un moteur de r\u00e9ussite.<br>Apprenez \u00e0 identifier les \u00e9motions et \u00e0 les d\u00e9cortiquer. Cherchez \u00e0 comprendre leur r\u00f4le dans vos relations, vos d\u00e9cisions et la gestion du stress.<br>Lors de cette conf\u00e9rence, vous verrez les cl\u00e9s du mod\u00e8le EQ-i, r\u00e9f\u00e9rence mondiale, pour d\u00e9velopper vos comp\u00e9tences \u00e9motionnelles.<br>Des exemples concrets, ludiques et un format r\u00e9solument interactif rendent cette conf\u00e9rence accessible \u00e0 tous.<br>Rejoignez-nous pour transformer vos \u00e9motions en nouveaux leviers de bien-\u00eatre et d\u2019efficacit\u00e9.<\/p>\n\n\n\n<div style=\"height:18px\" aria-hidden=\"true\" class=\"wp-block-spacer\"><\/div>\n\n\n\n<div class=\"wp-block-buttons is-content-justification-center is-layout-flex wp-container-core-buttons-is-layout-16018d1d wp-block-buttons-is-layout-flex\">\n<div class=\"wp-block-button\"><a class=\"wp-block-button__link wp-element-button\" href=\"https:\/\/oraego.fr\/Prog\/EiProgConf.pdf\">Programme de la conf\u00e9rence<\/a><\/div>\n<\/div>\n\n\n\n<p><\/p>\n","protected":false},"excerpt":{"rendered":"<p>Notre conf\u00e9rence \u00e0 l\u2019accompagnement interg\u00e9n\u00e9rationnel Travailler ensemble aujourd\u2019hui : regards crois\u00e9s sur les g\u00e9n\u00e9rations, le management et les mutations du &hellip;<\/p>\n","protected":false},"author":1,"featured_media":0,"parent":0,"menu_order":0,"comment_status":"closed","ping_status":"closed","template":"","meta":{"footnotes":""},"class_list":["post-87","page","type-page","status-publish","hentry"],"_links":{"self":[{"href":"https:\/\/oraego.fr\/index.php\/wp-json\/wp\/v2\/pages\/87","targetHints":{"allow":["GET"]}}],"collection":[{"href":"https:\/\/oraego.fr\/index.php\/wp-json\/wp\/v2\/pages"}],"about":[{"href":"https:\/\/oraego.fr\/index.php\/wp-json\/wp\/v2\/types\/page"}],"author":[{"embeddable":true,"href":"https:\/\/oraego.fr\/index.php\/wp-json\/wp\/v2\/users\/1"}],"replies":[{"embeddable":true,"href":"https:\/\/oraego.fr\/index.php\/wp-json\/wp\/v2\/comments?post=87"}],"version-history":[{"count":26,"href":"https:\/\/oraego.fr\/index.php\/wp-json\/wp\/v2\/pages\/87\/revisions"}],"predecessor-version":[{"id":446,"href":"https:\/\/oraego.fr\/index.php\/wp-json\/wp\/v2\/pages\/87\/revisions\/446"}],"wp:attachment":[{"href":"https:\/\/oraego.fr\/index.php\/wp-json\/wp\/v2\/media?parent=87"}],"curies":[{"name":"wp","href":"https:\/\/api.w.org\/{rel}","templated":true}]}}