{"id":85,"date":"2025-08-21T17:25:07","date_gmt":"2025-08-21T17:25:07","guid":{"rendered":"http:\/\/oraego.fr\/?page_id=85"},"modified":"2026-04-08T08:29:41","modified_gmt":"2026-04-08T08:29:41","slug":"nos-formations","status":"publish","type":"page","link":"https:\/\/oraego.fr\/index.php\/nos-formations\/","title":{"rendered":"Nos formations"},"content":{"rendered":"\n<div class=\"wp-block-columns is-layout-flex wp-container-core-columns-is-layout-9d6595d7 wp-block-columns-is-layout-flex\">\n<div class=\"wp-block-column is-layout-flow wp-block-column-is-layout-flow\" style=\"flex-basis:66.66%\">\n<p><em>Nous concevons des formations et des parcours sur mesure, \u00e9labor\u00e9s \u00e0 partir de vos besoins. Possibilit\u00e9 d\u2019adaptation en format individuel, intra ou inter-entreprises. Sur devis \u2014 nous contacter : contact@oraego.fr \/ R\u00e9ponse sous 5 jours ouvr\u00e9s<\/em><\/p>\n<\/div>\n\n\n\n<div class=\"wp-block-column is-vertically-aligned-top is-layout-flow wp-block-column-is-layout-flow\" style=\"flex-basis:33.33%\">\n<div class=\"wp-block-buttons is-layout-flex wp-container-core-buttons-is-layout-6b4e3324 wp-block-buttons-is-layout-flex\">\n<div class=\"wp-block-button\"><a class=\"wp-block-button__link wp-element-button\" href=\"https:\/\/oraego.fr\/Prog\/ProgPlaquette2026.pdf\">Plaquette de nos formations<\/a><\/div>\n<\/div>\n<\/div>\n<\/div>\n\n\n\n<div class=\"wp-block-group\"><div class=\"wp-block-group__inner-container is-layout-constrained wp-block-group-is-layout-constrained\">\n<p><strong><em>Langage visuel &amp; facilitation graphique<\/em><\/strong><\/p>\n\n\n\n<div class=\"wp-block-media-text is-stacked-on-mobile\" style=\"grid-template-columns:20% auto\"><figure class=\"wp-block-media-text__media\"><img loading=\"lazy\" decoding=\"async\" width=\"576\" height=\"1024\" src=\"https:\/\/oraego.fr\/wp-content\/uploads\/2025\/09\/IMG_2277-1-576x1024.jpg\" alt=\"\" class=\"wp-image-283 size-full\" srcset=\"https:\/\/oraego.fr\/wp-content\/uploads\/2025\/09\/IMG_2277-1-576x1024.jpg 576w, https:\/\/oraego.fr\/wp-content\/uploads\/2025\/09\/IMG_2277-1-169x300.jpg 169w, https:\/\/oraego.fr\/wp-content\/uploads\/2025\/09\/IMG_2277-1-768x1365.jpg 768w, https:\/\/oraego.fr\/wp-content\/uploads\/2025\/09\/IMG_2277-1-864x1536.jpg 864w, https:\/\/oraego.fr\/wp-content\/uploads\/2025\/09\/IMG_2277-1-1152x2048.jpg 1152w, https:\/\/oraego.fr\/wp-content\/uploads\/2025\/09\/IMG_2277-1-197x350.jpg 197w, https:\/\/oraego.fr\/wp-content\/uploads\/2025\/09\/IMG_2277-1-scaled.jpg 1440w\" sizes=\"auto, (max-width: 576px) 100vw, 576px\" \/><\/figure><div class=\"wp-block-media-text__content\">\n<p>Apprenez \u00e0 structurer vos id\u00e9es en images pour capter l\u2019attention, communiquer autrement et marquer les esprits. Une initiation ludique et accessible \u00e0 la facilitation graphique.<\/p>\n\n\n\n<div class=\"wp-block-buttons is-content-justification-center is-layout-flex wp-container-core-buttons-is-layout-16018d1d wp-block-buttons-is-layout-flex\">\n<div class=\"wp-block-button\"><a class=\"wp-block-button__link wp-element-button\" href=\"https:\/\/oraego.fr\/Prog\/FGProg2j.pdf\">Programme<\/a><\/div>\n<\/div>\n<\/div><\/div>\n\n\n\n<div style=\"height:29px\" aria-hidden=\"true\" class=\"wp-block-spacer\"><\/div>\n\n\n\n<figure class=\"wp-block-gallery has-nested-images columns-default is-cropped wp-block-gallery-1 is-layout-flex wp-block-gallery-is-layout-flex\">\n<figure class=\"wp-block-image size-large\"><img loading=\"lazy\" decoding=\"async\" width=\"1024\" height=\"682\" data-id=\"381\" src=\"https:\/\/oraego.fr\/wp-content\/uploads\/2025\/12\/Amanda_Emilie\u252c\u00aeCeline_Peyrebere_9795-1024x682.jpg\" alt=\"\" class=\"wp-image-381\" srcset=\"https:\/\/oraego.fr\/wp-content\/uploads\/2025\/12\/Amanda_Emilie\u252c\u00aeCeline_Peyrebere_9795-1024x682.jpg 1024w, https:\/\/oraego.fr\/wp-content\/uploads\/2025\/12\/Amanda_Emilie\u252c\u00aeCeline_Peyrebere_9795-300x200.jpg 300w, https:\/\/oraego.fr\/wp-content\/uploads\/2025\/12\/Amanda_Emilie\u252c\u00aeCeline_Peyrebere_9795-768x512.jpg 768w, https:\/\/oraego.fr\/wp-content\/uploads\/2025\/12\/Amanda_Emilie\u252c\u00aeCeline_Peyrebere_9795-1536x1024.jpg 1536w, https:\/\/oraego.fr\/wp-content\/uploads\/2025\/12\/Amanda_Emilie\u252c\u00aeCeline_Peyrebere_9795-250x167.jpg 250w, https:\/\/oraego.fr\/wp-content\/uploads\/2025\/12\/Amanda_Emilie\u252c\u00aeCeline_Peyrebere_9795.jpg 1772w\" sizes=\"auto, (max-width: 1024px) 100vw, 1024px\" \/><\/figure>\n\n\n\n<figure class=\"wp-block-image size-large\"><img loading=\"lazy\" decoding=\"async\" width=\"1024\" height=\"682\" data-id=\"377\" src=\"https:\/\/oraego.fr\/wp-content\/uploads\/2025\/12\/Amanda_Emilie\u252c\u00aeCeline_Peyrebere_9736-1024x682.jpg\" alt=\"\" class=\"wp-image-377\" srcset=\"https:\/\/oraego.fr\/wp-content\/uploads\/2025\/12\/Amanda_Emilie\u252c\u00aeCeline_Peyrebere_9736-1024x682.jpg 1024w, https:\/\/oraego.fr\/wp-content\/uploads\/2025\/12\/Amanda_Emilie\u252c\u00aeCeline_Peyrebere_9736-300x200.jpg 300w, https:\/\/oraego.fr\/wp-content\/uploads\/2025\/12\/Amanda_Emilie\u252c\u00aeCeline_Peyrebere_9736-768x512.jpg 768w, https:\/\/oraego.fr\/wp-content\/uploads\/2025\/12\/Amanda_Emilie\u252c\u00aeCeline_Peyrebere_9736-1536x1024.jpg 1536w, https:\/\/oraego.fr\/wp-content\/uploads\/2025\/12\/Amanda_Emilie\u252c\u00aeCeline_Peyrebere_9736-250x167.jpg 250w, https:\/\/oraego.fr\/wp-content\/uploads\/2025\/12\/Amanda_Emilie\u252c\u00aeCeline_Peyrebere_9736.jpg 1772w\" sizes=\"auto, (max-width: 1024px) 100vw, 1024px\" \/><\/figure>\n\n\n\n<figure class=\"wp-block-image size-large\"><img loading=\"lazy\" decoding=\"async\" width=\"1024\" height=\"688\" data-id=\"380\" src=\"https:\/\/oraego.fr\/wp-content\/uploads\/2025\/12\/Amanda_Emilie\u252c\u00aeCeline_Peyrebere_9755-1024x688.jpg\" alt=\"\" class=\"wp-image-380\" srcset=\"https:\/\/oraego.fr\/wp-content\/uploads\/2025\/12\/Amanda_Emilie\u252c\u00aeCeline_Peyrebere_9755-1024x688.jpg 1024w, https:\/\/oraego.fr\/wp-content\/uploads\/2025\/12\/Amanda_Emilie\u252c\u00aeCeline_Peyrebere_9755-300x201.jpg 300w, https:\/\/oraego.fr\/wp-content\/uploads\/2025\/12\/Amanda_Emilie\u252c\u00aeCeline_Peyrebere_9755-768x516.jpg 768w, https:\/\/oraego.fr\/wp-content\/uploads\/2025\/12\/Amanda_Emilie\u252c\u00aeCeline_Peyrebere_9755-1536x1032.jpg 1536w, https:\/\/oraego.fr\/wp-content\/uploads\/2025\/12\/Amanda_Emilie\u252c\u00aeCeline_Peyrebere_9755-250x168.jpg 250w, https:\/\/oraego.fr\/wp-content\/uploads\/2025\/12\/Amanda_Emilie\u252c\u00aeCeline_Peyrebere_9755.jpg 1772w\" sizes=\"auto, (max-width: 1024px) 100vw, 1024px\" \/><\/figure>\n\n\n\n<figure class=\"wp-block-image size-large\"><img loading=\"lazy\" decoding=\"async\" width=\"1024\" height=\"682\" data-id=\"379\" src=\"https:\/\/oraego.fr\/wp-content\/uploads\/2025\/12\/Amanda_Emilie\u252c\u00aeCeline_Peyrebere_9744-1024x682.jpg\" alt=\"\" class=\"wp-image-379\" srcset=\"https:\/\/oraego.fr\/wp-content\/uploads\/2025\/12\/Amanda_Emilie\u252c\u00aeCeline_Peyrebere_9744-1024x682.jpg 1024w, https:\/\/oraego.fr\/wp-content\/uploads\/2025\/12\/Amanda_Emilie\u252c\u00aeCeline_Peyrebere_9744-300x200.jpg 300w, https:\/\/oraego.fr\/wp-content\/uploads\/2025\/12\/Amanda_Emilie\u252c\u00aeCeline_Peyrebere_9744-768x512.jpg 768w, https:\/\/oraego.fr\/wp-content\/uploads\/2025\/12\/Amanda_Emilie\u252c\u00aeCeline_Peyrebere_9744-1536x1024.jpg 1536w, https:\/\/oraego.fr\/wp-content\/uploads\/2025\/12\/Amanda_Emilie\u252c\u00aeCeline_Peyrebere_9744-250x167.jpg 250w, https:\/\/oraego.fr\/wp-content\/uploads\/2025\/12\/Amanda_Emilie\u252c\u00aeCeline_Peyrebere_9744.jpg 1772w\" sizes=\"auto, (max-width: 1024px) 100vw, 1024px\" \/><\/figure>\n<\/figure>\n\n\n\n<p><em><sup>Cr\u00e9dit photo : C\u00e9line PEYREBERE<\/sup><\/em><\/p>\n\n\n\n<div style=\"height:100px\" aria-hidden=\"true\" class=\"wp-block-spacer\"><\/div>\n\n\n\n<hr class=\"wp-block-separator has-alpha-channel-opacity\"\/>\n\n\n\n<p><strong><em><strong><em>IA g\u00e9n\u00e9rative : travailler avec une intelligence artificielle<\/em><\/strong><\/em><\/strong><\/p>\n\n\n\n<div class=\"wp-block-media-text has-media-on-the-right is-stacked-on-mobile\" style=\"grid-template-columns:auto 46%\"><div class=\"wp-block-media-text__content\">\n<p>D\u00e9couvrez comment dialoguer efficacement avec une IA, formuler des prompts pertinents et gagner en efficacit\u00e9 dans vos missions.<\/p>\n<\/div><figure class=\"wp-block-media-text__media\"><img loading=\"lazy\" decoding=\"async\" width=\"1024\" height=\"558\" src=\"https:\/\/oraego.fr\/wp-content\/uploads\/2025\/09\/Lart-du-Prompt-1024x558.png\" alt=\"\" class=\"wp-image-287 size-full\" srcset=\"https:\/\/oraego.fr\/wp-content\/uploads\/2025\/09\/Lart-du-Prompt-1024x558.png 1024w, https:\/\/oraego.fr\/wp-content\/uploads\/2025\/09\/Lart-du-Prompt-300x163.png 300w, https:\/\/oraego.fr\/wp-content\/uploads\/2025\/09\/Lart-du-Prompt-768x418.png 768w, https:\/\/oraego.fr\/wp-content\/uploads\/2025\/09\/Lart-du-Prompt-250x136.png 250w, https:\/\/oraego.fr\/wp-content\/uploads\/2025\/09\/Lart-du-Prompt.png 1030w\" sizes=\"auto, (max-width: 1024px) 100vw, 1024px\" \/><\/figure><\/div>\n\n\n\n<div style=\"height:18px\" aria-hidden=\"true\" class=\"wp-block-spacer\"><\/div>\n\n\n\n<div class=\"wp-block-columns is-layout-flex wp-container-core-columns-is-layout-9d6595d7 wp-block-columns-is-layout-flex\">\n<div class=\"wp-block-column is-layout-flow wp-block-column-is-layout-flow\">\n<div class=\"wp-block-buttons is-content-justification-center is-layout-flex wp-container-core-buttons-is-layout-16018d1d wp-block-buttons-is-layout-flex\">\n<div class=\"wp-block-button\"><a class=\"wp-block-button__link wp-element-button\" href=\"https:\/\/oraego.fr\/Prog\/IAProg1j.pdf\">Programme 1\/2 jour<\/a><\/div>\n<\/div>\n\n\n\n<p><em>Initiation \u00e0 l&rsquo;art du prompt pour dialoguer avec une IA g\u00e9n\u00e9rative<\/em><\/p>\n<\/div>\n\n\n\n<div class=\"wp-block-column is-layout-flow wp-block-column-is-layout-flow\">\n<div class=\"wp-block-buttons is-content-justification-center is-layout-flex wp-container-core-buttons-is-layout-16018d1d wp-block-buttons-is-layout-flex\">\n<div class=\"wp-block-button\"><a class=\"wp-block-button__link wp-element-button\" href=\"https:\/\/oraego.fr\/Prog\/IAProg2j.pdf\">Programme 2 jours<\/a><\/div>\n<\/div>\n\n\n\n<p class=\"has-text-align-center\"><em>IA g\u00e9n\u00e9rative : travailler avec une intelligence artificielle<\/em><\/p>\n<\/div>\n<\/div>\n\n\n\n<div style=\"height:46px\" aria-hidden=\"true\" class=\"wp-block-spacer\"><\/div>\n\n\n\n<hr class=\"wp-block-separator has-alpha-channel-opacity\"\/>\n\n\n\n<p><strong><em><strong><em><strong><em><strong><em>Impulser et accompagner la dynamique d\u2019un groupe<\/em><\/strong><\/em><\/strong><\/em><\/strong><\/em><\/strong><\/p>\n\n\n\n<div class=\"wp-block-columns is-layout-flex wp-container-core-columns-is-layout-9d6595d7 wp-block-columns-is-layout-flex\">\n<div class=\"wp-block-column is-layout-flow wp-block-column-is-layout-flow\">\n<figure class=\"wp-block-gallery has-nested-images columns-default is-cropped wp-block-gallery-2 is-layout-flex wp-block-gallery-is-layout-flex\">\n<figure class=\"wp-block-image size-large\"><img loading=\"lazy\" decoding=\"async\" width=\"768\" height=\"1024\" data-id=\"288\" src=\"https:\/\/oraego.fr\/wp-content\/uploads\/2025\/09\/IMG_2272-768x1024.jpg\" alt=\"\" class=\"wp-image-288\" srcset=\"https:\/\/oraego.fr\/wp-content\/uploads\/2025\/09\/IMG_2272-768x1024.jpg 768w, https:\/\/oraego.fr\/wp-content\/uploads\/2025\/09\/IMG_2272-225x300.jpg 225w, https:\/\/oraego.fr\/wp-content\/uploads\/2025\/09\/IMG_2272-1152x1536.jpg 1152w, https:\/\/oraego.fr\/wp-content\/uploads\/2025\/09\/IMG_2272-250x333.jpg 250w, https:\/\/oraego.fr\/wp-content\/uploads\/2025\/09\/IMG_2272.jpg 1329w\" sizes=\"auto, (max-width: 768px) 100vw, 768px\" \/><\/figure>\n<\/figure>\n<\/div>\n\n\n\n<div class=\"wp-block-column is-layout-flow wp-block-column-is-layout-flow\">\n<p>Des m\u00e9thodes concr\u00e8tes et transposables pour installer un cadre bienveillant, favoriser la coop\u00e9ration, soutenir les formes d\u2019expressions individuelles et fluidifier les \u00e9changes en groupe. La gestion des facteurs internes et externes \u00e0 la dynamique collective est \u00e9galement mise en lumi\u00e8re : vous repartez outill\u00e9s pour mieux g\u00e9rer les difficult\u00e9s inh\u00e9rentes \u00e0 cette pratique.<\/p>\n<\/div>\n<\/div>\n\n\n\n<div class=\"wp-block-buttons is-content-justification-center is-layout-flex wp-container-core-buttons-is-layout-16018d1d wp-block-buttons-is-layout-flex\">\n<div class=\"wp-block-button\"><a class=\"wp-block-button__link wp-element-button\" href=\"https:\/\/oraego.fr\/Prog\/DGProg.pdf\">Programme<\/a><\/div>\n<\/div>\n\n\n\n<div style=\"height:31px\" aria-hidden=\"true\" class=\"wp-block-spacer\"><\/div>\n\n\n\n<div class=\"wp-block-group\"><div class=\"wp-block-group__inner-container is-layout-constrained wp-block-group-is-layout-constrained\">\n<div class=\"wp-block-group\"><div class=\"wp-block-group__inner-container is-layout-constrained wp-block-group-is-layout-constrained\">\n<div class=\"wp-block-group\"><div class=\"wp-block-group__inner-container is-layout-constrained wp-block-group-is-layout-constrained\">\n<hr class=\"wp-block-separator has-alpha-channel-opacity\"\/>\n\n\n\n<div class=\"wp-block-group\"><div class=\"wp-block-group__inner-container is-layout-constrained wp-block-group-is-layout-constrained\">\n<div class=\"wp-block-group\"><div class=\"wp-block-group__inner-container is-layout-constrained wp-block-group-is-layout-constrained\">\n<div class=\"wp-block-group\"><div class=\"wp-block-group__inner-container is-layout-constrained wp-block-group-is-layout-constrained\">\n<p><strong><em><strong><em><strong><em>Cultiver son Intelligence Emotionnelle<\/em><\/strong><\/em><\/strong><\/em><\/strong><\/p>\n<\/div><\/div>\n\n\n\n<div class=\"wp-block-group is-nowrap is-layout-flex wp-container-core-group-is-layout-ad2f72ca wp-block-group-is-layout-flex\">\n<p>Une formation pour s\u2019initier \u00e0 ce levier de transformation professionnelle. En saisir les enjeux et r\u00e9aliser un diagnostic EQ-I qui vous guide vers un plan d\u2019action personnalis\u00e9. Gagner en impact dans sa communication, mieux se conna\u00eetre et d\u00e9velopper cette aptitude cl\u00e9.<\/p>\n<\/div>\n<\/div><\/div>\n\n\n\n<div class=\"wp-block-buttons is-content-justification-center is-layout-flex wp-container-core-buttons-is-layout-16018d1d wp-block-buttons-is-layout-flex\">\n<div class=\"wp-block-button\"><a class=\"wp-block-button__link wp-element-button\" href=\"https:\/\/oraego.fr\/Prog\/IEProg2j.pdf\">Programme 2 jours<\/a><\/div>\n\n\n\n<div class=\"wp-block-button\"><a class=\"wp-block-button__link wp-element-button\" href=\"https:\/\/oraego.fr\/Prog\/IEProgInd.pdf\">Accompagnement individuel<\/a><\/div>\n<\/div>\n\n\n\n<div style=\"height:27px\" aria-hidden=\"true\" class=\"wp-block-spacer\"><\/div>\n\n\n\n<figure class=\"wp-block-gallery has-nested-images columns-default is-cropped wp-block-gallery-3 is-layout-flex wp-block-gallery-is-layout-flex\">\n<figure class=\"wp-block-image size-large\"><img loading=\"lazy\" decoding=\"async\" width=\"1024\" height=\"576\" data-id=\"394\" src=\"https:\/\/oraego.fr\/wp-content\/uploads\/2025\/12\/Amanda_Emilie\u252c\u00aeCeline_Peyrebere_9800-1-edited-1024x576.jpg\" alt=\"\" class=\"wp-image-394\" srcset=\"https:\/\/oraego.fr\/wp-content\/uploads\/2025\/12\/Amanda_Emilie\u252c\u00aeCeline_Peyrebere_9800-1-edited-1024x576.jpg 1024w, https:\/\/oraego.fr\/wp-content\/uploads\/2025\/12\/Amanda_Emilie\u252c\u00aeCeline_Peyrebere_9800-1-edited-300x169.jpg 300w, https:\/\/oraego.fr\/wp-content\/uploads\/2025\/12\/Amanda_Emilie\u252c\u00aeCeline_Peyrebere_9800-1-edited-768x432.jpg 768w, https:\/\/oraego.fr\/wp-content\/uploads\/2025\/12\/Amanda_Emilie\u252c\u00aeCeline_Peyrebere_9800-1-edited-250x141.jpg 250w, https:\/\/oraego.fr\/wp-content\/uploads\/2025\/12\/Amanda_Emilie\u252c\u00aeCeline_Peyrebere_9800-1-edited.jpg 1384w\" sizes=\"auto, (max-width: 1024px) 100vw, 1024px\" \/><\/figure>\n<\/figure>\n\n\n\n<p><em><sup>Cr\u00e9dit photo : C\u00e9line PEYREBERE<\/sup><\/em><\/p>\n\n\n\n<div style=\"height:41px\" aria-hidden=\"true\" class=\"wp-block-spacer\"><\/div>\n\n\n\n<hr class=\"wp-block-separator has-alpha-channel-opacity\"\/>\n\n\n\n<div class=\"wp-block-group\"><div class=\"wp-block-group__inner-container is-layout-constrained wp-block-group-is-layout-constrained\">\n<div class=\"wp-block-media-text has-media-on-the-right is-stacked-on-mobile\" style=\"grid-template-columns:auto 35%\"><div class=\"wp-block-media-text__content\">\n<p><strong>Les \u201cBasics\u201d du Management d\u2019\u00e9quipe&nbsp;: \u00ab&nbsp;une boussole pour agir&nbsp;\u00bb<\/strong><\/p>\n\n\n\n<p class=\"has-text-align-left\">Red\u00e9finir les contours de la mission telle qu\u2019elle est envisag\u00e9e aujourd\u2019hui. Poser les bases et les enjeux en termes de posture, de ritualisation, d\u2019outils de communication, de motivation et d\u2019autonomie. Que vous soyez manager nouvellement promu ou accompagnateur d\u2019\u00e9quipe exp\u00e9riment\u00e9 en prise de poste.<\/p>\n<\/div><figure class=\"wp-block-media-text__media\"><img loading=\"lazy\" decoding=\"async\" width=\"768\" height=\"1024\" src=\"https:\/\/oraego.fr\/wp-content\/uploads\/2025\/09\/PHOTO-2025-02-28-20-32-25-768x1024.jpg\" alt=\"\" class=\"wp-image-298 size-full\" srcset=\"https:\/\/oraego.fr\/wp-content\/uploads\/2025\/09\/PHOTO-2025-02-28-20-32-25-768x1024.jpg 768w, https:\/\/oraego.fr\/wp-content\/uploads\/2025\/09\/PHOTO-2025-02-28-20-32-25-225x300.jpg 225w, https:\/\/oraego.fr\/wp-content\/uploads\/2025\/09\/PHOTO-2025-02-28-20-32-25-1152x1536.jpg 1152w, https:\/\/oraego.fr\/wp-content\/uploads\/2025\/09\/PHOTO-2025-02-28-20-32-25-250x333.jpg 250w, https:\/\/oraego.fr\/wp-content\/uploads\/2025\/09\/PHOTO-2025-02-28-20-32-25.jpg 1500w\" sizes=\"auto, (max-width: 768px) 100vw, 768px\" \/><\/figure><\/div>\n\n\n\n<div class=\"wp-block-buttons is-content-justification-center is-layout-flex wp-container-core-buttons-is-layout-16018d1d wp-block-buttons-is-layout-flex\">\n<div class=\"wp-block-button\"><a class=\"wp-block-button__link wp-element-button\" href=\"https:\/\/oraego.fr\/Prog\/ManaBasicsProg.pdf\">Programme<\/a><\/div>\n<\/div>\n\n\n\n<div style=\"height:42px\" aria-hidden=\"true\" class=\"wp-block-spacer\"><\/div>\n\n\n\n<hr class=\"wp-block-separator has-alpha-channel-opacity\"\/>\n\n\n\n<div class=\"wp-block-group\"><div class=\"wp-block-group__inner-container is-layout-constrained wp-block-group-is-layout-constrained\">\n<div class=\"wp-block-columns is-layout-flex wp-container-core-columns-is-layout-9d6595d7 wp-block-columns-is-layout-flex\">\n<div class=\"wp-block-column is-layout-flow wp-block-column-is-layout-flow\" style=\"flex-basis:100%\">\n<div class=\"wp-block-group\"><div class=\"wp-block-group__inner-container is-layout-constrained wp-block-group-is-layout-constrained\">\n<div class=\"wp-block-group\"><div class=\"wp-block-group__inner-container is-layout-constrained wp-block-group-is-layout-constrained\">\n<p><strong><em>Mana-g\u00e9n\u00e9rations : Manager dans un Contexte Interg\u00e9n\u00e9rationnel<\/em><\/strong><\/p>\n<\/div><\/div>\n\n\n\n<div class=\"wp-block-group is-nowrap is-layout-flex wp-container-core-group-is-layout-ad2f72ca wp-block-group-is-layout-flex\">\n<p>Prendre du recul sur les comportements professionnels au sein d&rsquo;une \u00e9quipe en le liant au prisme g\u00e9n\u00e9rationnel.  Cette formation vous permet de structurer votre management et\/ou vos accompagnements \u00e0 travers des rituels en lien avec les besoins, perceptions et attentes de votre \u00e9quipe pour renforcer son engagement et sa coop\u00e9ration.<\/p>\n<\/div>\n<\/div><\/div>\n<\/div>\n<\/div>\n\n\n\n<div class=\"wp-block-buttons is-content-justification-center is-layout-flex wp-container-core-buttons-is-layout-16018d1d wp-block-buttons-is-layout-flex\">\n<div class=\"wp-block-button\"><a class=\"wp-block-button__link wp-element-button\" href=\"https:\/\/oraego.fr\/Prog\/ManaGenProg.pdf\">Programme<\/a><\/div>\n<\/div>\n\n\n\n<div style=\"height:24px\" aria-hidden=\"true\" class=\"wp-block-spacer\"><\/div>\n<\/div><\/div>\n<\/div><\/div>\n<\/div><\/div>\n<\/div><\/div>\n<\/div><\/div>\n<\/div><\/div>\n\n\n\n<figure class=\"wp-block-gallery has-nested-images columns-default is-cropped wp-block-gallery-4 is-layout-flex wp-block-gallery-is-layout-flex\">\n<figure class=\"wp-block-image size-large\"><img loading=\"lazy\" decoding=\"async\" width=\"1024\" height=\"577\" data-id=\"396\" src=\"https:\/\/oraego.fr\/wp-content\/uploads\/2025\/12\/Amanda_Emilie\u252c\u00aeCeline_Peyrebere_9830-1-edited-1024x577.jpg\" alt=\"\" class=\"wp-image-396\" srcset=\"https:\/\/oraego.fr\/wp-content\/uploads\/2025\/12\/Amanda_Emilie\u252c\u00aeCeline_Peyrebere_9830-1-edited-1024x577.jpg 1024w, https:\/\/oraego.fr\/wp-content\/uploads\/2025\/12\/Amanda_Emilie\u252c\u00aeCeline_Peyrebere_9830-1-edited-300x169.jpg 300w, https:\/\/oraego.fr\/wp-content\/uploads\/2025\/12\/Amanda_Emilie\u252c\u00aeCeline_Peyrebere_9830-1-edited-768x433.jpg 768w, https:\/\/oraego.fr\/wp-content\/uploads\/2025\/12\/Amanda_Emilie\u252c\u00aeCeline_Peyrebere_9830-1-edited-250x141.jpg 250w, https:\/\/oraego.fr\/wp-content\/uploads\/2025\/12\/Amanda_Emilie\u252c\u00aeCeline_Peyrebere_9830-1-edited.jpg 1205w\" sizes=\"auto, (max-width: 1024px) 100vw, 1024px\" \/><\/figure>\n<\/figure>\n\n\n\n<p><em><sup>Cr\u00e9dit photo : C\u00e9line PEYREBERE<\/sup><\/em><\/p>\n\n\n\n<div style=\"height:33px\" aria-hidden=\"true\" class=\"wp-block-spacer\"><\/div>\n\n\n\n<hr class=\"wp-block-separator has-alpha-channel-opacity\"\/>\n\n\n\n<div class=\"wp-block-media-text has-media-on-the-right is-stacked-on-mobile\" style=\"grid-template-columns:auto 45%\"><div class=\"wp-block-media-text__content\">\n<p><strong><em><strong><em><strong><em>Ludop\u00e9dagogie : dynamiser vos interventions par le jeu<\/em><\/strong><\/em><\/strong><\/em><\/strong><\/p>\n\n\n\n<p>Int\u00e9grez des m\u00e9caniques ludiques simples pour renforcer la motivation, l\u2019engagement et la m\u00e9morisation. Parce que jouer, c\u2019est aussi apprendre. D\u00e9couvrez des m\u00e9thodes immersives pour faire vivre une exp\u00e9rience collective d\u2019apprentissage.<\/p>\n<\/div><figure class=\"wp-block-media-text__media\"><img loading=\"lazy\" decoding=\"async\" width=\"768\" height=\"1024\" src=\"https:\/\/oraego.fr\/wp-content\/uploads\/2025\/09\/IMG_2274-768x1024.jpg\" alt=\"\" class=\"wp-image-289 size-full\" srcset=\"https:\/\/oraego.fr\/wp-content\/uploads\/2025\/09\/IMG_2274-768x1024.jpg 768w, https:\/\/oraego.fr\/wp-content\/uploads\/2025\/09\/IMG_2274-225x300.jpg 225w, https:\/\/oraego.fr\/wp-content\/uploads\/2025\/09\/IMG_2274-1152x1536.jpg 1152w, https:\/\/oraego.fr\/wp-content\/uploads\/2025\/09\/IMG_2274-250x333.jpg 250w, https:\/\/oraego.fr\/wp-content\/uploads\/2025\/09\/IMG_2274.jpg 1329w\" sizes=\"auto, (max-width: 768px) 100vw, 768px\" \/><\/figure><\/div>\n\n\n\n<div style=\"height:16px\" aria-hidden=\"true\" class=\"wp-block-spacer\"><\/div>\n\n\n\n<div class=\"wp-block-buttons is-content-justification-center is-layout-flex wp-container-core-buttons-is-layout-16018d1d wp-block-buttons-is-layout-flex\">\n<div class=\"wp-block-button\"><a class=\"wp-block-button__link wp-element-button\" href=\"https:\/\/oraego.fr\/Prog\/GAProg.pdf\">Programme<\/a><\/div>\n<\/div>\n\n\n\n<div style=\"height:29px\" aria-hidden=\"true\" class=\"wp-block-spacer\"><\/div>\n\n\n\n<hr class=\"wp-block-separator has-alpha-channel-opacity\"\/>\n\n\n\n<p><\/p>\n\n\n\n<p><\/p>\n\n\n\n<p><\/p>\n<\/div><\/div>\n\n\n\n<p><\/p>\n","protected":false},"excerpt":{"rendered":"<p>Nous concevons des formations et des parcours sur mesure, \u00e9labor\u00e9s \u00e0 partir de vos besoins. Possibilit\u00e9 d\u2019adaptation en format individuel, &hellip;<\/p>\n","protected":false},"author":1,"featured_media":0,"parent":0,"menu_order":0,"comment_status":"closed","ping_status":"closed","template":"","meta":{"footnotes":""},"class_list":["post-85","page","type-page","status-publish","hentry"],"_links":{"self":[{"href":"https:\/\/oraego.fr\/index.php\/wp-json\/wp\/v2\/pages\/85","targetHints":{"allow":["GET"]}}],"collection":[{"href":"https:\/\/oraego.fr\/index.php\/wp-json\/wp\/v2\/pages"}],"about":[{"href":"https:\/\/oraego.fr\/index.php\/wp-json\/wp\/v2\/types\/page"}],"author":[{"embeddable":true,"href":"https:\/\/oraego.fr\/index.php\/wp-json\/wp\/v2\/users\/1"}],"replies":[{"embeddable":true,"href":"https:\/\/oraego.fr\/index.php\/wp-json\/wp\/v2\/comments?post=85"}],"version-history":[{"count":63,"href":"https:\/\/oraego.fr\/index.php\/wp-json\/wp\/v2\/pages\/85\/revisions"}],"predecessor-version":[{"id":508,"href":"https:\/\/oraego.fr\/index.php\/wp-json\/wp\/v2\/pages\/85\/revisions\/508"}],"wp:attachment":[{"href":"https:\/\/oraego.fr\/index.php\/wp-json\/wp\/v2\/media?parent=85"}],"curies":[{"name":"wp","href":"https:\/\/api.w.org\/{rel}","templated":true}]}}