{"id":145,"date":"2025-08-26T08:43:08","date_gmt":"2025-08-26T08:43:08","guid":{"rendered":"http:\/\/oraego.fr\/?page_id=145"},"modified":"2025-09-04T09:42:12","modified_gmt":"2025-09-04T09:42:12","slug":"notre-equipe","status":"publish","type":"page","link":"https:\/\/oraego.fr\/index.php\/notre-equipe\/","title":{"rendered":"Notre \u00e9quipe"},"content":{"rendered":"\n<h2 class=\"wp-block-heading\"><strong>Cap vers de nouveaux horizons pour vos accompagnements !<\/strong><\/h2>\n\n\n\n<figure class=\"wp-block-image size-full\"><img loading=\"lazy\" decoding=\"async\" width=\"800\" height=\"450\" src=\"https:\/\/oraego.fr\/wp-content\/uploads\/2025\/09\/Publication-250825-edited.png\" alt=\"\" class=\"wp-image-247\" srcset=\"https:\/\/oraego.fr\/wp-content\/uploads\/2025\/09\/Publication-250825-edited.png 800w, https:\/\/oraego.fr\/wp-content\/uploads\/2025\/09\/Publication-250825-edited-300x169.png 300w, https:\/\/oraego.fr\/wp-content\/uploads\/2025\/09\/Publication-250825-edited-768x432.png 768w, https:\/\/oraego.fr\/wp-content\/uploads\/2025\/09\/Publication-250825-edited-358x201.png 358w\" sizes=\"auto, (max-width: 800px) 100vw, 800px\" \/><\/figure>\n\n\n\n<p>Nous sommes des formatrices engag\u00e9es et passionn\u00e9es. Nous unissons nos expertises pour vous accompagner dans l\u2019\u00e9volution de vos pratiques professionnelles.<\/p>\n\n\n\n<p>Nous mettons \u00e0 profit une exp\u00e9rience riche d\u2019interventions vari\u00e9es aupr\u00e8s de diff\u00e9rents publics : institutionnels, associations, entreprises dans l\u2019industrie, le transport, le retail, professionnels de l\u2019accompagnement, \u00e9tudiants, h\u00f4pitaux, coachs, ind\u00e9pendants, managers, psychologues\u2026<\/p>\n\n\n\n<p>Nous combinons cr\u00e9ativit\u00e9, rigueur et dynamisme. Nous innovons avec des formats immersifs et des ateliers participatifs.&nbsp;<\/p>\n\n\n\n<p>Depuis 3 ans nous avons accompagn\u00e9 plus de&nbsp; 2000 professionnels pour 4000 heures de formation, conf\u00e9rences ou ateliers.&nbsp;<\/p>\n\n\n\n<div class=\"wp-block-columns is-layout-flex wp-container-core-columns-is-layout-9d6595d7 wp-block-columns-is-layout-flex\">\n<div class=\"wp-block-column is-layout-flow wp-block-column-is-layout-flow\">\n<figure class=\"wp-block-image size-full\"><img loading=\"lazy\" decoding=\"async\" width=\"800\" height=\"800\" src=\"http:\/\/oraego.fr\/wp-content\/uploads\/2025\/08\/Copie-de-Neon-Purple-Pixels-Creative-Industry-Professional-LinkedIn-Profile-Picture-4.png\" alt=\"\" class=\"wp-image-185\" srcset=\"https:\/\/oraego.fr\/wp-content\/uploads\/2025\/08\/Copie-de-Neon-Purple-Pixels-Creative-Industry-Professional-LinkedIn-Profile-Picture-4.png 800w, https:\/\/oraego.fr\/wp-content\/uploads\/2025\/08\/Copie-de-Neon-Purple-Pixels-Creative-Industry-Professional-LinkedIn-Profile-Picture-4-300x300.png 300w, https:\/\/oraego.fr\/wp-content\/uploads\/2025\/08\/Copie-de-Neon-Purple-Pixels-Creative-Industry-Professional-LinkedIn-Profile-Picture-4-150x150.png 150w, https:\/\/oraego.fr\/wp-content\/uploads\/2025\/08\/Copie-de-Neon-Purple-Pixels-Creative-Industry-Professional-LinkedIn-Profile-Picture-4-768x768.png 768w, https:\/\/oraego.fr\/wp-content\/uploads\/2025\/08\/Copie-de-Neon-Purple-Pixels-Creative-Industry-Professional-LinkedIn-Profile-Picture-4-350x350.png 350w\" sizes=\"auto, (max-width: 800px) 100vw, 800px\" \/><\/figure>\n\n\n\n<h2 class=\"wp-block-heading\">Emilie Elophe<\/h2>\n\n\n\n<p>Dirigeante d&rsquo;Or\u00c6go &#8211; formatrice et conf\u00e9renci\u00e8re<\/p>\n\n\n\n<ul class=\"wp-block-social-links is-layout-flex wp-block-social-links-is-layout-flex\"><li class=\"wp-social-link wp-social-link-linkedin  wp-block-social-link\"><a href=\"https:\/\/www.linkedin.com\/in\/%C3%A9milie-elophe-6444b2212\/\" class=\"wp-block-social-link-anchor\"><svg width=\"24\" height=\"24\" viewBox=\"0 0 24 24\" version=\"1.1\" xmlns=\"http:\/\/www.w3.org\/2000\/svg\" aria-hidden=\"true\" focusable=\"false\"><path d=\"M19.7,3H4.3C3.582,3,3,3.582,3,4.3v15.4C3,20.418,3.582,21,4.3,21h15.4c0.718,0,1.3-0.582,1.3-1.3V4.3 C21,3.582,20.418,3,19.7,3z M8.339,18.338H5.667v-8.59h2.672V18.338z M7.004,8.574c-0.857,0-1.549-0.694-1.549-1.548 c0-0.855,0.691-1.548,1.549-1.548c0.854,0,1.547,0.694,1.547,1.548C8.551,7.881,7.858,8.574,7.004,8.574z M18.339,18.338h-2.669 v-4.177c0-0.996-0.017-2.278-1.387-2.278c-1.389,0-1.601,1.086-1.601,2.206v4.249h-2.667v-8.59h2.559v1.174h0.037 c0.356-0.675,1.227-1.387,2.526-1.387c2.703,0,3.203,1.779,3.203,4.092V18.338z\"><\/path><\/svg><span class=\"wp-block-social-link-label screen-reader-text\">LinkedIn<\/span><\/a><\/li><\/ul>\n\n\n\n<p><em>Son parcours en management, marketing et accompagnement fait d\u2019 Emilie une intervenante polyvalente, \u00e0 jour sur les enjeux professionnels actuels. Attentive \u00e0 la port\u00e9e des actions propos\u00e9es; elle est concentr\u00e9e tant sur les aspects op\u00e9rationnels que sur la qualit\u00e9 du lien initi\u00e9 en animation. Son exp\u00e9rience commerciale a aiguis\u00e9 sa curiosit\u00e9 pour les interactions relationnelles. Dynamique, curieuse et passionn\u00e9e, elle s&rsquo;est reconvertie en 2021 dans la formation professionnelle pour d\u00e9ployer depuis 1700h de formations \u00e0 destination de publics vari\u00e9s.<\/em><\/p>\n<\/div>\n\n\n\n<div class=\"wp-block-column is-layout-flow wp-block-column-is-layout-flow\">\n<figure class=\"wp-block-image size-full\"><img loading=\"lazy\" decoding=\"async\" width=\"800\" height=\"800\" src=\"http:\/\/oraego.fr\/wp-content\/uploads\/2025\/08\/1.png\" alt=\"\" class=\"wp-image-155\" srcset=\"https:\/\/oraego.fr\/wp-content\/uploads\/2025\/08\/1.png 800w, https:\/\/oraego.fr\/wp-content\/uploads\/2025\/08\/1-300x300.png 300w, https:\/\/oraego.fr\/wp-content\/uploads\/2025\/08\/1-150x150.png 150w, https:\/\/oraego.fr\/wp-content\/uploads\/2025\/08\/1-768x768.png 768w, https:\/\/oraego.fr\/wp-content\/uploads\/2025\/08\/1-350x350.png 350w\" sizes=\"auto, (max-width: 800px) 100vw, 800px\" \/><\/figure>\n\n\n\n<h2 class=\"wp-block-heading\">Amanda Couget<\/h2>\n\n\n\n<p>Dirigeante d&rsquo;Or\u00c6go &#8211; formatrice et conf\u00e9renci\u00e8re<\/p>\n\n\n\n<ul class=\"wp-block-social-links is-layout-flex wp-block-social-links-is-layout-flex\"><li class=\"wp-social-link wp-social-link-linkedin  wp-block-social-link\"><a href=\"https:\/\/www.linkedin.com\/in\/amanda-couget\/\" class=\"wp-block-social-link-anchor\"><svg width=\"24\" height=\"24\" viewBox=\"0 0 24 24\" version=\"1.1\" xmlns=\"http:\/\/www.w3.org\/2000\/svg\" aria-hidden=\"true\" focusable=\"false\"><path d=\"M19.7,3H4.3C3.582,3,3,3.582,3,4.3v15.4C3,20.418,3.582,21,4.3,21h15.4c0.718,0,1.3-0.582,1.3-1.3V4.3 C21,3.582,20.418,3,19.7,3z M8.339,18.338H5.667v-8.59h2.672V18.338z M7.004,8.574c-0.857,0-1.549-0.694-1.549-1.548 c0-0.855,0.691-1.548,1.549-1.548c0.854,0,1.547,0.694,1.547,1.548C8.551,7.881,7.858,8.574,7.004,8.574z M18.339,18.338h-2.669 v-4.177c0-0.996-0.017-2.278-1.387-2.278c-1.389,0-1.601,1.086-1.601,2.206v4.249h-2.667v-8.59h2.559v1.174h0.037 c0.356-0.675,1.227-1.387,2.526-1.387c2.703,0,3.203,1.779,3.203,4.092V18.338z\"><\/path><\/svg><span class=\"wp-block-social-link-label screen-reader-text\">LinkedIn<\/span><\/a><\/li><\/ul>\n\n\n\n<p><em>Professionnelle de l&rsquo;ing\u00e9nierie p\u00e9dagogique, sensible \u00e0 l\u2019approche psychologique par son parcours, Amanda dispose d\u2019une solide exp\u00e9rience dans l\u2019accompagnement de publics professionnels. En attestent son exp\u00e9rience en mission locale, puis ses interventions fr\u00e9quentes aupr\u00e8s d\u2019institutionnels notamment. Depuis 2021, elle a anim\u00e9 plus de 110 prestations dans diff\u00e9rents formats, t\u00e9moignant d\u2019une expertise confirm\u00e9e et reconnue en animation collective et coordination p\u00e9dagogique. Cr\u00e9ative, polyvalente, innovante, curieuse et engag\u00e9e, elle sait adapter ses formations aux sp\u00e9cificit\u00e9s de ses participants, en alliant exigence, \u00e9nergie et sens du relationnel.<\/em><\/p>\n<\/div>\n\n\n\n<div class=\"wp-block-column is-layout-flow wp-block-column-is-layout-flow\">\n<figure class=\"wp-block-image size-full\"><img loading=\"lazy\" decoding=\"async\" width=\"800\" height=\"800\" src=\"http:\/\/oraego.fr\/wp-content\/uploads\/2025\/08\/2.png\" alt=\"\" class=\"wp-image-156\" srcset=\"https:\/\/oraego.fr\/wp-content\/uploads\/2025\/08\/2.png 800w, https:\/\/oraego.fr\/wp-content\/uploads\/2025\/08\/2-300x300.png 300w, https:\/\/oraego.fr\/wp-content\/uploads\/2025\/08\/2-150x150.png 150w, https:\/\/oraego.fr\/wp-content\/uploads\/2025\/08\/2-768x768.png 768w, https:\/\/oraego.fr\/wp-content\/uploads\/2025\/08\/2-350x350.png 350w\" sizes=\"auto, (max-width: 800px) 100vw, 800px\" \/><\/figure>\n\n\n\n<h2 class=\"wp-block-heading\">Sophie Damie<\/h2>\n\n\n\n<p>Formatrice et consultante en bilans de comp\u00e9tences et orientation scolaire<\/p>\n\n\n\n<ul class=\"wp-block-social-links is-layout-flex wp-block-social-links-is-layout-flex\"><li class=\"wp-social-link wp-social-link-linkedin  wp-block-social-link\"><a href=\"https:\/\/www.linkedin.com\/in\/sophie-damie\/\" class=\"wp-block-social-link-anchor\"><svg width=\"24\" height=\"24\" viewBox=\"0 0 24 24\" version=\"1.1\" xmlns=\"http:\/\/www.w3.org\/2000\/svg\" aria-hidden=\"true\" focusable=\"false\"><path d=\"M19.7,3H4.3C3.582,3,3,3.582,3,4.3v15.4C3,20.418,3.582,21,4.3,21h15.4c0.718,0,1.3-0.582,1.3-1.3V4.3 C21,3.582,20.418,3,19.7,3z M8.339,18.338H5.667v-8.59h2.672V18.338z M7.004,8.574c-0.857,0-1.549-0.694-1.549-1.548 c0-0.855,0.691-1.548,1.549-1.548c0.854,0,1.547,0.694,1.547,1.548C8.551,7.881,7.858,8.574,7.004,8.574z M18.339,18.338h-2.669 v-4.177c0-0.996-0.017-2.278-1.387-2.278c-1.389,0-1.601,1.086-1.601,2.206v4.249h-2.667v-8.59h2.559v1.174h0.037 c0.356-0.675,1.227-1.387,2.526-1.387c2.703,0,3.203,1.779,3.203,4.092V18.338z\"><\/path><\/svg><span class=\"wp-block-social-link-label screen-reader-text\">LinkedIn<\/span><\/a><\/li><\/ul>\n\n\n\n<p><em>Sophie int\u00e8gre un accompagnement individualis\u00e9 au sein de formations collectives, gr\u00e2ce \u00e0 son exp\u00e9rience en bilans de comp\u00e9tences et orientation scolaire. Forte d\u2019une carri\u00e8re aux multiples facettes, elle est impliqu\u00e9e, bienveillante et sensible aux enjeux de sant\u00e9 mentale. Elle anime de mani\u00e8re concr\u00e8te et humaine. Depuis 2023, elle a accompagn\u00e9&nbsp; plus de 250 professionnels d\u2019horizons diversifi\u00e9s et contribu\u00e9 \u00e0 r\u00e9v\u00e9ler leur potentiel professionnel.<\/em><\/p>\n<\/div>\n<\/div>\n\n\n\n<hr class=\"wp-block-separator has-alpha-channel-opacity\"\/>\n\n\n\n<h2 class=\"wp-block-heading\"><strong>Notre approche p\u00e9dagogique<\/strong><\/h2>\n\n\n\n<p><strong>Une p\u00e9dagogie active et op\u00e9rationnelle<\/strong><\/p>\n\n\n\n<p>Nos formations ne se limitent pas \u00e0 transmettre des contenus. Elles vous placent dans une posture active et engag\u00e9e. Gr\u00e2ce \u00e0 une p\u00e9dagogie vivante, ludique et interactive, chaque participant acquiert des comp\u00e9tences imm\u00e9diatement <strong>duplicables dans son environnement professionnel<\/strong>.<\/p>\n\n\n\n<p><strong>Nos trois piliers p\u00e9dagogiques<\/strong><\/p>\n\n\n\n<p><strong>1. Interactivit\u00e9 &amp; exp\u00e9rimentation ludique<\/strong><\/p>\n\n\n\n<div class=\"wp-block-group\"><div class=\"wp-block-group__inner-container is-layout-constrained wp-block-group-is-layout-constrained\">\n<p>Nous favorisons la mise en action \u00e0 travers :<\/p>\n\n\n\n<ul class=\"wp-block-list\">\n<li>Des activit\u00e9s immersives et gamifi\u00e9es<\/li>\n\n\n\n<li>La facilitation graphique, pour visualiser et m\u00e9moriser les id\u00e9es en temps r\u00e9el<\/li>\n\n\n\n<li>Des formats participatifs : \u00e9changes, mises en situation, r\u00e9flexions collectives<\/li>\n<\/ul>\n<\/div><\/div>\n\n\n\n<p><strong>2. Approche pratique <strong>&amp;<\/strong> contextualis\u00e9e<\/strong><\/p>\n\n\n\n<p>Chaque formation int\u00e8gre :<\/p>\n\n\n\n<ul class=\"wp-block-list\">\n<li>Des mises en situation proches de la r\u00e9alit\u00e9 professionnelle<\/li>\n\n\n\n<li>Des outils et supports visuels concrets<\/li>\n\n\n\n<li>Des liens permanents avec le quotidien des participants<\/li>\n<\/ul>\n\n\n\n<p><strong>3. Accompagnement &amp; suivi<\/strong><\/p>\n\n\n\n<p>Notre r\u00f4le ne s\u2019arr\u00eate pas au d\u00e9roul\u00e9 de la formation :<\/p>\n\n\n\n<ul class=\"wp-block-list\">\n<li><strong>En amont<\/strong> : \u00e9coute attentive des besoins de l\u2019organisation qui commande la formation et des attentes des participants<\/li>\n\n\n\n<li><strong>Pendant<\/strong> : Consid\u00e9ration des attentes des participants et implication dans la co-construction programme<\/li>\n\n\n\n<li><strong>En aval<\/strong> : consolidation via supports, \u00e9changes et retours pour prolonger l\u2019impact<\/li>\n<\/ul>\n","protected":false},"excerpt":{"rendered":"<p>Cap vers de nouveaux horizons pour vos accompagnements ! Nous sommes des formatrices engag\u00e9es et passionn\u00e9es. Nous unissons nos expertises &hellip;<\/p>\n","protected":false},"author":1,"featured_media":0,"parent":0,"menu_order":0,"comment_status":"closed","ping_status":"closed","template":"","meta":{"footnotes":""},"class_list":["post-145","page","type-page","status-publish","hentry"],"_links":{"self":[{"href":"https:\/\/oraego.fr\/index.php\/wp-json\/wp\/v2\/pages\/145","targetHints":{"allow":["GET"]}}],"collection":[{"href":"https:\/\/oraego.fr\/index.php\/wp-json\/wp\/v2\/pages"}],"about":[{"href":"https:\/\/oraego.fr\/index.php\/wp-json\/wp\/v2\/types\/page"}],"author":[{"embeddable":true,"href":"https:\/\/oraego.fr\/index.php\/wp-json\/wp\/v2\/users\/1"}],"replies":[{"embeddable":true,"href":"https:\/\/oraego.fr\/index.php\/wp-json\/wp\/v2\/comments?post=145"}],"version-history":[{"count":20,"href":"https:\/\/oraego.fr\/index.php\/wp-json\/wp\/v2\/pages\/145\/revisions"}],"predecessor-version":[{"id":249,"href":"https:\/\/oraego.fr\/index.php\/wp-json\/wp\/v2\/pages\/145\/revisions\/249"}],"wp:attachment":[{"href":"https:\/\/oraego.fr\/index.php\/wp-json\/wp\/v2\/media?parent=145"}],"curies":[{"name":"wp","href":"https:\/\/api.w.org\/{rel}","templated":true}]}}